{"id":166,"date":"2020-05-16T16:44:53","date_gmt":"2020-05-16T14:44:53","guid":{"rendered":"https:\/\/bytessey.com\/?page_id=166"},"modified":"2020-08-03T22:30:39","modified_gmt":"2020-08-03T20:30:39","slug":"sparkling-wines","status":"publish","type":"page","link":"https:\/\/bytessey.com\/?page_id=166","title":{"rendered":"Sparkling Wines"},"content":{"rendered":"\n<div class=\"wp-block-media-text alignwide is-stacked-on-mobile\" style=\"grid-template-columns:15% auto\"><figure class=\"wp-block-media-text__media\"><img loading=\"lazy\" decoding=\"async\" width=\"90\" height=\"184\" src=\"https:\/\/bytessey.com\/wp-content\/uploads\/2020\/08\/cava-1.jpg\" alt=\"\" class=\"wp-image-309\"\/><\/figure><div class=\"wp-block-media-text__content\">\n<p class=\"has-small-font-size\">Cava Paratge Qualificat Terroja \u2018Reserva Familiar\u2019 2010<br>Sabat\u00e9 i Coca<br><br>Terroja, Penedes. Spain<br><br>Drink between: mind blowingly until 2020<br><br>Bought at: the estate of Castellroig, drunk it in 2019<br>Imported in NL via: Zwagers Wijnimport<br><\/p>\n<\/div><\/div>\n\n\n\n<div class=\"wp-block-media-text alignwide is-stacked-on-mobile\" style=\"grid-template-columns:15% auto\"><figure class=\"wp-block-media-text__media\"><img loading=\"lazy\" decoding=\"async\" width=\"70\" height=\"211\" src=\"https:\/\/bytessey.com\/wp-content\/uploads\/2020\/06\/laherte-1.jpg\" alt=\"\" class=\"wp-image-282\"\/><\/figure><div class=\"wp-block-media-text__content\">\n<p class=\"has-small-font-size\">Laherte Fr\u00e8res Blanc de Blancs Brut Nature NV<br><br>\u00c9pernay, France<br><br>Drink between: Drink it while still young! Within 3 years after d\u00e9gorgement.<br><br>Bought from:  Icarius Wijnen<\/p>\n<\/div><\/div>\n\n\n\n<div class=\"wp-block-media-text alignwide is-stacked-on-mobile\" style=\"grid-template-columns:15% auto\"><figure class=\"wp-block-media-text__media\"><img loading=\"lazy\" decoding=\"async\" width=\"62\" height=\"195\" src=\"https:\/\/bytessey.com\/wp-content\/uploads\/2020\/06\/cuvee_4-3.jpg\" alt=\"\" class=\"wp-image-269\"\/><\/figure><div class=\"wp-block-media-text__content\">\n<p class=\"has-small-font-size\">Bersi Serlini Franciacorta 2014<br>Cuvee 4 Millesimato <br><br>Franciacorta, Lombardy<br><br>Drink between: Up until 2023<br><br>Was a gift for my 32nd birthday from my sisters! <br>Imported in NL via: Nuovo Sadegna<\/p>\n<\/div><\/div>\n\n\n\n<div class=\"wp-block-media-text alignwide is-stacked-on-mobile\" style=\"grid-template-columns:15% auto\"><figure class=\"wp-block-media-text__media\"><img loading=\"lazy\" decoding=\"async\" width=\"61\" height=\"180\" src=\"https:\/\/bytessey.com\/wp-content\/uploads\/2020\/06\/champ_leg2006.jpg\" alt=\"\" class=\"wp-image-237\"\/><\/figure><div class=\"wp-block-media-text__content\">\n<p class=\"has-small-font-size\">Pierre Legras Millesime 2006<br>Blanc de Blanc Grand Cru<br><br>Chouilly, Champagne<br><br>Drink between: all up until 2023<br><br>Bought from: Aerts Champagnes<\/p>\n<\/div><\/div>\n\n\n\n<div class=\"wp-block-media-text alignwide is-stacked-on-mobile\" style=\"grid-template-columns:15% auto\"><figure class=\"wp-block-media-text__media\"><img loading=\"lazy\" decoding=\"async\" width=\"75\" height=\"172\" src=\"https:\/\/bytessey.com\/wp-content\/uploads\/2020\/05\/huguet-gran-reserva-brut-nature-1162719-s24_p-1.jpg\" alt=\"\" class=\"wp-image-220\"\/><\/figure><div class=\"wp-block-media-text__content\">\n<p class=\"has-small-font-size\">Huguet Gran Reserva Brut Nature 2009<\/p>\n\n\n\n<p class=\"has-small-font-size\">Cava DO<\/p>\n\n\n\n<p class=\"has-small-font-size\">Drink between:  up untill 2020 (better hurry \ud83d\ude09 )<\/p>\n\n\n\n<p class=\"has-small-font-size\">Bought from:  Wijnkoperij Okhuysen<\/p>\n<\/div><\/div>\n","protected":false},"excerpt":{"rendered":"<p>Cava Paratge Qualificat Terroja \u2018Reserva Familiar\u2019 2010Sabat\u00e9 i Coca Terroja, Penedes. Spain Drink between: mind blowingly until 2020 Bought at: the estate of Castellroig, drunk it in 2019Imported in NL via: Zwagers Wijnimport Laherte Fr\u00e8res Blanc de Blancs Brut Nature NV \u00c9pernay, France Drink between: Drink it while still young! Within 3 years after d\u00e9gorgement. &hellip; <\/p>\n<p class=\"link-more\"><a href=\"https:\/\/bytessey.com\/?page_id=166\" class=\"more-link\">Lees verder <span class=\"screen-reader-text\">&#8220;Sparkling Wines&#8221;<\/span><\/a><\/p>\n","protected":false},"author":1,"featured_media":0,"parent":0,"menu_order":0,"comment_status":"closed","ping_status":"closed","template":"","meta":{"footnotes":""},"class_list":["post-166","page","type-page","status-publish","hentry"],"yoast_head":"<!-- This site is optimized with the Yoast SEO plugin v26.9 - https:\/\/yoast.com\/product\/yoast-seo-wordpress\/ -->\n<title>Sparkling Wines - By Tessey<\/title>\n<meta name=\"robots\" content=\"index, follow, max-snippet:-1, max-image-preview:large, max-video-preview:-1\" \/>\n<link rel=\"canonical\" href=\"https:\/\/bytessey.com\/?page_id=166\" \/>\n<meta property=\"og:locale\" content=\"nl_NL\" \/>\n<meta property=\"og:type\" content=\"article\" \/>\n<meta property=\"og:title\" content=\"Sparkling Wines - By Tessey\" \/>\n<meta property=\"og:description\" content=\"Cava Paratge Qualificat Terroja \u2018Reserva Familiar\u2019 2010Sabat\u00e9 i Coca Terroja, Penedes. Spain Drink between: mind blowingly until 2020 Bought at: the estate of Castellroig, drunk it in 2019Imported in NL via: Zwagers Wijnimport Laherte Fr\u00e8res Blanc de Blancs Brut Nature NV \u00c9pernay, France Drink between: Drink it while still young! Within 3 years after d\u00e9gorgement. &hellip; Lees verder &quot;Sparkling Wines&quot;\" \/>\n<meta property=\"og:url\" content=\"https:\/\/bytessey.com\/?page_id=166\" \/>\n<meta property=\"og:site_name\" content=\"By Tessey\" \/>\n<meta property=\"article:modified_time\" content=\"2020-08-03T20:30:39+00:00\" \/>\n<meta property=\"og:image\" content=\"http:\/\/bytessey.com\/wp-content\/uploads\/2020\/08\/cava-1.jpg\" \/>\n<meta name=\"twitter:card\" content=\"summary_large_image\" \/>\n<meta name=\"twitter:label1\" content=\"Geschatte leestijd\" \/>\n\t<meta name=\"twitter:data1\" content=\"1 minuut\" \/>\n<script type=\"application\/ld+json\" class=\"yoast-schema-graph\">{\"@context\":\"https:\/\/schema.org\",\"@graph\":[{\"@type\":\"WebPage\",\"@id\":\"https:\/\/bytessey.com\/?page_id=166\",\"url\":\"https:\/\/bytessey.com\/?page_id=166\",\"name\":\"Sparkling Wines - By Tessey\",\"isPartOf\":{\"@id\":\"https:\/\/bytessey.com\/#website\"},\"primaryImageOfPage\":{\"@id\":\"https:\/\/bytessey.com\/?page_id=166#primaryimage\"},\"image\":{\"@id\":\"https:\/\/bytessey.com\/?page_id=166#primaryimage\"},\"thumbnailUrl\":\"http:\/\/bytessey.com\/wp-content\/uploads\/2020\/08\/cava-1.jpg\",\"datePublished\":\"2020-05-16T14:44:53+00:00\",\"dateModified\":\"2020-08-03T20:30:39+00:00\",\"breadcrumb\":{\"@id\":\"https:\/\/bytessey.com\/?page_id=166#breadcrumb\"},\"inLanguage\":\"nl-NL\",\"potentialAction\":[{\"@type\":\"ReadAction\",\"target\":[\"https:\/\/bytessey.com\/?page_id=166\"]}]},{\"@type\":\"ImageObject\",\"inLanguage\":\"nl-NL\",\"@id\":\"https:\/\/bytessey.com\/?page_id=166#primaryimage\",\"url\":\"http:\/\/bytessey.com\/wp-content\/uploads\/2020\/08\/cava-1.jpg\",\"contentUrl\":\"http:\/\/bytessey.com\/wp-content\/uploads\/2020\/08\/cava-1.jpg\"},{\"@type\":\"BreadcrumbList\",\"@id\":\"https:\/\/bytessey.com\/?page_id=166#breadcrumb\",\"itemListElement\":[{\"@type\":\"ListItem\",\"position\":1,\"name\":\"Home\",\"item\":\"https:\/\/bytessey.com\/\"},{\"@type\":\"ListItem\",\"position\":2,\"name\":\"Sparkling Wines\"}]},{\"@type\":\"WebSite\",\"@id\":\"https:\/\/bytessey.com\/#website\",\"url\":\"https:\/\/bytessey.com\/\",\"name\":\"By Tessey\",\"description\":\"I tell stories..\",\"potentialAction\":[{\"@type\":\"SearchAction\",\"target\":{\"@type\":\"EntryPoint\",\"urlTemplate\":\"https:\/\/bytessey.com\/?s={search_term_string}\"},\"query-input\":{\"@type\":\"PropertyValueSpecification\",\"valueRequired\":true,\"valueName\":\"search_term_string\"}}],\"inLanguage\":\"nl-NL\"}]}<\/script>\n<!-- \/ Yoast SEO plugin. -->","yoast_head_json":{"title":"Sparkling Wines - By Tessey","robots":{"index":"index","follow":"follow","max-snippet":"max-snippet:-1","max-image-preview":"max-image-preview:large","max-video-preview":"max-video-preview:-1"},"canonical":"https:\/\/bytessey.com\/?page_id=166","og_locale":"nl_NL","og_type":"article","og_title":"Sparkling Wines - By Tessey","og_description":"Cava Paratge Qualificat Terroja \u2018Reserva Familiar\u2019 2010Sabat\u00e9 i Coca Terroja, Penedes. Spain Drink between: mind blowingly until 2020 Bought at: the estate of Castellroig, drunk it in 2019Imported in NL via: Zwagers Wijnimport Laherte Fr\u00e8res Blanc de Blancs Brut Nature NV \u00c9pernay, France Drink between: Drink it while still young! Within 3 years after d\u00e9gorgement. &hellip; Lees verder \"Sparkling Wines\"","og_url":"https:\/\/bytessey.com\/?page_id=166","og_site_name":"By Tessey","article_modified_time":"2020-08-03T20:30:39+00:00","og_image":[{"url":"http:\/\/bytessey.com\/wp-content\/uploads\/2020\/08\/cava-1.jpg","type":"","width":"","height":""}],"twitter_card":"summary_large_image","twitter_misc":{"Geschatte leestijd":"1 minuut"},"schema":{"@context":"https:\/\/schema.org","@graph":[{"@type":"WebPage","@id":"https:\/\/bytessey.com\/?page_id=166","url":"https:\/\/bytessey.com\/?page_id=166","name":"Sparkling Wines - By Tessey","isPartOf":{"@id":"https:\/\/bytessey.com\/#website"},"primaryImageOfPage":{"@id":"https:\/\/bytessey.com\/?page_id=166#primaryimage"},"image":{"@id":"https:\/\/bytessey.com\/?page_id=166#primaryimage"},"thumbnailUrl":"http:\/\/bytessey.com\/wp-content\/uploads\/2020\/08\/cava-1.jpg","datePublished":"2020-05-16T14:44:53+00:00","dateModified":"2020-08-03T20:30:39+00:00","breadcrumb":{"@id":"https:\/\/bytessey.com\/?page_id=166#breadcrumb"},"inLanguage":"nl-NL","potentialAction":[{"@type":"ReadAction","target":["https:\/\/bytessey.com\/?page_id=166"]}]},{"@type":"ImageObject","inLanguage":"nl-NL","@id":"https:\/\/bytessey.com\/?page_id=166#primaryimage","url":"http:\/\/bytessey.com\/wp-content\/uploads\/2020\/08\/cava-1.jpg","contentUrl":"http:\/\/bytessey.com\/wp-content\/uploads\/2020\/08\/cava-1.jpg"},{"@type":"BreadcrumbList","@id":"https:\/\/bytessey.com\/?page_id=166#breadcrumb","itemListElement":[{"@type":"ListItem","position":1,"name":"Home","item":"https:\/\/bytessey.com\/"},{"@type":"ListItem","position":2,"name":"Sparkling Wines"}]},{"@type":"WebSite","@id":"https:\/\/bytessey.com\/#website","url":"https:\/\/bytessey.com\/","name":"By Tessey","description":"I tell stories..","potentialAction":[{"@type":"SearchAction","target":{"@type":"EntryPoint","urlTemplate":"https:\/\/bytessey.com\/?s={search_term_string}"},"query-input":{"@type":"PropertyValueSpecification","valueRequired":true,"valueName":"search_term_string"}}],"inLanguage":"nl-NL"}]}},"_links":{"self":[{"href":"https:\/\/bytessey.com\/index.php?rest_route=\/wp\/v2\/pages\/166","targetHints":{"allow":["GET"]}}],"collection":[{"href":"https:\/\/bytessey.com\/index.php?rest_route=\/wp\/v2\/pages"}],"about":[{"href":"https:\/\/bytessey.com\/index.php?rest_route=\/wp\/v2\/types\/page"}],"author":[{"embeddable":true,"href":"https:\/\/bytessey.com\/index.php?rest_route=\/wp\/v2\/users\/1"}],"replies":[{"embeddable":true,"href":"https:\/\/bytessey.com\/index.php?rest_route=%2Fwp%2Fv2%2Fcomments&post=166"}],"version-history":[{"count":13,"href":"https:\/\/bytessey.com\/index.php?rest_route=\/wp\/v2\/pages\/166\/revisions"}],"predecessor-version":[{"id":310,"href":"https:\/\/bytessey.com\/index.php?rest_route=\/wp\/v2\/pages\/166\/revisions\/310"}],"wp:attachment":[{"href":"https:\/\/bytessey.com\/index.php?rest_route=%2Fwp%2Fv2%2Fmedia&parent=166"}],"curies":[{"name":"wp","href":"https:\/\/api.w.org\/{rel}","templated":true}]}}